{"id":78,"date":"2023-01-20T10:47:29","date_gmt":"2023-01-20T10:47:29","guid":{"rendered":"http:\/\/zaradny-photography.com\/?page_id=78"},"modified":"2024-11-08T10:59:19","modified_gmt":"2024-11-08T10:59:19","slug":"film","status":"publish","type":"page","link":"https:\/\/zaradny-photography.com\/de\/film\/","title":{"rendered":"FILM"},"content":{"rendered":"<p class=\"has-text-align-center\">FILM<\/p>\n\n\n\n<hr class=\"wp-block-separator has-alpha-channel-opacity\"\/>\n\n\n\n<div class=\"wp-block-group alignfull has-contrast-2-background-color has-background has-global-padding is-layout-constrained wp-container-core-group-is-layout-d89aad35 wp-block-group-is-layout-constrained\" style=\"margin-top:0;margin-bottom:0;padding-top:var(--wp--preset--spacing--50);padding-right:var(--wp--preset--spacing--50);padding-bottom:var(--wp--preset--spacing--50);padding-left:var(--wp--preset--spacing--50)\">\n<div class=\"wp-block-columns alignwide is-layout-flex wp-container-core-columns-is-layout-1da03c2a wp-block-columns-is-layout-flex\">\n<div class=\"wp-block-column is-vertically-aligned-center is-layout-flow wp-block-column-is-layout-flow\" style=\"flex-basis:60%\">\n<figure class=\"wp-block-image size-full is-resized is-style-rounded wp-duotone-unset-2 is-style-rounded--1\"><img loading=\"lazy\" decoding=\"async\" width=\"2368\" height=\"1854\" src=\"https:\/\/zaradny-photography.com\/wp-content\/uploads\/2024\/11\/Zrzut-ekranu-2024-11-8-o-11.52.30.png\" alt=\"\" class=\"wp-image-4591\" style=\"aspect-ratio:1.3333333333333333;object-fit:cover;width:598px;height:auto\" srcset=\"https:\/\/zaradny-photography.com\/wp-content\/uploads\/2024\/11\/Zrzut-ekranu-2024-11-8-o-11.52.30.png 2368w, https:\/\/zaradny-photography.com\/wp-content\/uploads\/2024\/11\/Zrzut-ekranu-2024-11-8-o-11.52.30-300x235.png 300w, https:\/\/zaradny-photography.com\/wp-content\/uploads\/2024\/11\/Zrzut-ekranu-2024-11-8-o-11.52.30-1024x802.png 1024w, https:\/\/zaradny-photography.com\/wp-content\/uploads\/2024\/11\/Zrzut-ekranu-2024-11-8-o-11.52.30-768x601.png 768w, https:\/\/zaradny-photography.com\/wp-content\/uploads\/2024\/11\/Zrzut-ekranu-2024-11-8-o-11.52.30-1536x1203.png 1536w, https:\/\/zaradny-photography.com\/wp-content\/uploads\/2024\/11\/Zrzut-ekranu-2024-11-8-o-11.52.30-2048x1603.png 2048w, https:\/\/zaradny-photography.com\/wp-content\/uploads\/2024\/11\/Zrzut-ekranu-2024-11-8-o-11.52.30-15x12.png 15w\" sizes=\"auto, (max-width: 2368px) 100vw, 2368px\" \/><\/figure>\n<\/div>\n\n\n\n<div class=\"wp-block-column has-base-color has-text-color has-link-color wp-elements-d3473c3f66c3d15de3a7fd1b5d8a6596 is-layout-flow wp-block-column-is-layout-flow\" style=\"flex-basis:40%\">\n<h2 class=\"wp-block-heading has-base-color has-text-color has-link-color wp-elements-038d6e15b3525e29967676015f0f9662\">Natalia &amp; Mateusz<\/h2>\n\n\n\n<h5 class=\"wp-block-heading\"><\/h5>\n\n\n\n<p class=\"has-medium-font-size\">Unser brandneuer CLIP aus der Saison 2024. <\/p>\n\n\n\n<p> Die Hochzeit von Natalia und Mateusz \u2013 was f\u00fcr ein Ereignis das war \ud83e\udd29 Alles wurde bis ins kleinste Detail gepflegt. Ein Paar wie aus einer Zeitschrift, ein sch\u00f6nes Zimmer und eine Zusammenarbeit wie aus einem M\u00e4rchen. Diesmal in der Version unserer Filmproduktion \ud83e\udd70 seht wie sch\u00f6n \u2764\ufe0f <\/p>\n\n\n\n<p>Das beste Dreamteam:<\/p>\n\n\n\n<p><a href=\"https:\/\/www.instagram.com\/kwiatamiszyte_weddingplanner\/\">@kwiatamiszyte_weddingplanner<\/a>\u00a0<a href=\"https:\/\/www.instagram.com\/kwiatamiszyte\/\">@kwiatamiszyte<\/a>\u00a0<a href=\"https:\/\/www.instagram.com\/lukasz.harun.fotografia\/\">@lukasz.harun.fotografia<\/a>\u00a0<a href=\"https:\/\/www.instagram.com\/hair_by_sandra_kejs\/\">@hair_by_sandra_kejs<\/a>\u00a0<a href=\"https:\/\/www.instagram.com\/hellogorgeous_make_up\/\">@helloorgeous_make_up<\/a>\u00a0<a href=\"https:\/\/www.instagram.com\/hosterofficial\/\">@hosterofficial<\/a>\u00a0<a href=\"https:\/\/www.instagram.com\/tortmam\/\">@tortmam<\/a><\/p>\n\n\n\n<p class=\"has-large-font-size\"><\/p>\n\n\n\n<div class=\"wp-block-buttons is-layout-flex wp-block-buttons-is-layout-flex\">\n<div class=\"wp-block-button\"><a class=\"wp-block-button__link wp-element-button\" href=\"https:\/\/www.youtube.com\/watch?v=n4Zpqp-NMGE\">Sehen Sie sich das Video an<\/a><\/div>\n<\/div>\n<\/div>\n<\/div>\n<\/div>\n\n\n\n<div class=\"wp-block-group alignfull has-base-background-color has-background has-global-padding is-layout-constrained wp-container-core-group-is-layout-669513ed wp-block-group-is-layout-constrained\" style=\"margin-top:0;margin-bottom:0;padding-top:var(--wp--preset--spacing--50);padding-right:var(--wp--preset--spacing--50);padding-bottom:var(--wp--preset--spacing--50);padding-left:var(--wp--preset--spacing--50)\">\n<div class=\"wp-block-columns alignwide is-layout-flex wp-container-core-columns-is-layout-1da03c2a wp-block-columns-is-layout-flex\">\n<div class=\"wp-block-column is-vertically-aligned-stretch is-layout-flow wp-block-column-is-layout-flow\" style=\"flex-basis:50%\">\n<div class=\"wp-block-group is-vertical is-content-justification-stretch is-layout-flex wp-container-core-group-is-layout-444d5ee8 wp-block-group-is-layout-flex\" style=\"min-height:100%\">\n<p class=\"has-heading-font-family has-x-large-font-size\" style=\"line-height:1.2\">Paulina &amp; Hubert <\/p>\n\n\n\n<p><a href=\"https:\/\/youtu.be\/Z-2I8fkIBIk\">DJ Kacper S. | Hotel Restaurant Ma\u0142y M\u0142yn | Fotografie \u2013 Zaradny Fotografie<\/a><\/p>\n\n\n\n<p>Kurz vor Weihnachten gelang es uns schnell, zwischen den Weihnachtsfotos einen weiteren Film aus der 23. Staffel zu schneiden.<\/p>\n\n\n\n<p>Paulina und Huber!!! Es ist Ihnen zu verdanken, dass dieser Film so aussieht, wie er aussieht.<\/p>\n\n\n\n<p class=\"has-heading-font-family has-large-font-size\" style=\"line-height:1.2\">Eines ist sicher, du hast dein ganzes Selbst gezeigt und es ist gut gelaufen<\/p>\n\n\n\n<p class=\"wp-container-content-0733e5d0\"><\/p>\n\n\n\n<div class=\"wp-block-group has-global-padding is-content-justification-left is-layout-constrained wp-container-core-group-is-layout-9fe8ed88 wp-block-group-is-layout-constrained\">\n<div class=\"wp-block-buttons is-layout-flex wp-block-buttons-is-layout-flex\">\n<div class=\"wp-block-button\"><a class=\"wp-block-button__link wp-element-button\" href=\"https:\/\/www.youtube.com\/watch?v=Z-2I8fkIBIk\">Sehen Sie sich das Video an<\/a><\/div>\n<\/div>\n<\/div>\n<\/div>\n<\/div>\n\n\n\n<div class=\"wp-block-column is-vertically-aligned-center is-layout-flow wp-block-column-is-layout-flow\" style=\"flex-basis:50%\">\n<figure class=\"wp-block-image size-full is-style-rounded is-style-rounded--3\"><img loading=\"lazy\" decoding=\"async\" width=\"1024\" height=\"683\" src=\"http:\/\/zaradny-photography.com\/wp-content\/uploads\/2024\/10\/Zaradny-Photography-Film-PiH-118.jpg\" alt=\"\" class=\"wp-image-3699\" srcset=\"https:\/\/zaradny-photography.com\/wp-content\/uploads\/2024\/10\/Zaradny-Photography-Film-PiH-118.jpg 1024w, https:\/\/zaradny-photography.com\/wp-content\/uploads\/2024\/10\/Zaradny-Photography-Film-PiH-118-300x200.jpg 300w, https:\/\/zaradny-photography.com\/wp-content\/uploads\/2024\/10\/Zaradny-Photography-Film-PiH-118-768x512.jpg 768w\" sizes=\"auto, (max-width: 1024px) 100vw, 1024px\" \/><\/figure>\n<\/div>\n<\/div>\n<\/div>\n\n\n\n<div class=\"wp-block-group alignfull has-contrast-2-background-color has-background has-global-padding is-layout-constrained wp-container-core-group-is-layout-d89aad35 wp-block-group-is-layout-constrained\" style=\"margin-top:0;margin-bottom:0;padding-top:var(--wp--preset--spacing--50);padding-right:var(--wp--preset--spacing--50);padding-bottom:var(--wp--preset--spacing--50);padding-left:var(--wp--preset--spacing--50)\">\n<div class=\"wp-block-columns alignwide is-layout-flex wp-container-core-columns-is-layout-1da03c2a wp-block-columns-is-layout-flex\">\n<div class=\"wp-block-column is-vertically-aligned-center is-layout-flow wp-block-column-is-layout-flow\" style=\"flex-basis:60%\">\n<figure class=\"wp-block-image size-full is-resized is-style-rounded wp-duotone-unset-5 is-style-rounded--4\"><img loading=\"lazy\" decoding=\"async\" width=\"1024\" height=\"683\" src=\"https:\/\/zaradny-photography.com\/wp-content\/uploads\/2024\/10\/Zaradny-Photography-Film-DiF-76.jpg\" alt=\"\" class=\"wp-image-4456\" style=\"aspect-ratio:1.3333333333333333;object-fit:cover;width:598px;height:auto\" srcset=\"https:\/\/zaradny-photography.com\/wp-content\/uploads\/2024\/10\/Zaradny-Photography-Film-DiF-76.jpg 1024w, https:\/\/zaradny-photography.com\/wp-content\/uploads\/2024\/10\/Zaradny-Photography-Film-DiF-76-300x200.jpg 300w, https:\/\/zaradny-photography.com\/wp-content\/uploads\/2024\/10\/Zaradny-Photography-Film-DiF-76-768x512.jpg 768w\" sizes=\"auto, (max-width: 1024px) 100vw, 1024px\" \/><\/figure>\n<\/div>\n\n\n\n<div class=\"wp-block-column has-base-color has-text-color has-link-color wp-elements-d9f57058ca5cf15570affe3711e735b9 is-layout-flow wp-block-column-is-layout-flow\" style=\"flex-basis:40%\">\n<h2 class=\"wp-block-heading has-base-color has-text-color has-link-color wp-elements-c1aca6cbaef8c64aafa9935ed5318c0a\">Dalia &amp; Filip<\/h2>\n\n\n\n<h5 class=\"wp-block-heading\"><a href=\"https:\/\/youtu.be\/hba1GVxJ7BA\">DJ \u015anie\u017cny | Vivat Hochzeitshaus | Fotografie \u2013 Zaradny Fotografie<\/a><\/h5>\n\n\n\n<p>Na ja, ja, wieder ein Film aus der Staffel 2023. Aber, aber! Jedes Paar ist einzigartig, jeder Film ist anders :-)<\/p>\n\n\n\n<p>Dalia und Filip zeigten, wie die N\u00e4he von Familie und Freunden Emotionen wecken kann, die sie in der Kraft der Leichtigkeit des Geistes durch den ganzen Tag, den Abend und die Nacht tragen. <\/p>\n\n\n\n<p class=\"has-large-font-size\">Eine Hochzeit besteht aus Menschen, die genau wissen, wen sie besuchen<\/p>\n\n\n\n<div class=\"wp-block-buttons is-layout-flex wp-block-buttons-is-layout-flex\">\n<div class=\"wp-block-button\"><a class=\"wp-block-button__link wp-element-button\" href=\"https:\/\/www.youtube.com\/watch?v=hba1GVxJ7BA&amp;t=216s\">Sehen Sie sich das Video an<\/a><\/div>\n<\/div>\n<\/div>\n<\/div>\n<\/div>\n\n\n\n<div class=\"wp-block-group alignfull has-base-background-color has-background has-global-padding is-layout-constrained wp-container-core-group-is-layout-669513ed wp-block-group-is-layout-constrained\" style=\"margin-top:0;margin-bottom:0;padding-top:var(--wp--preset--spacing--50);padding-right:var(--wp--preset--spacing--50);padding-bottom:var(--wp--preset--spacing--50);padding-left:var(--wp--preset--spacing--50)\">\n<div class=\"wp-block-columns alignwide is-layout-flex wp-container-core-columns-is-layout-1da03c2a wp-block-columns-is-layout-flex\">\n<div class=\"wp-block-column is-vertically-aligned-stretch is-layout-flow wp-block-column-is-layout-flow\" style=\"flex-basis:50%\">\n<p class=\"has-heading-font-family has-x-large-font-size\" style=\"line-height:1.2\">Paulina &amp; Darek<\/p>\n\n\n\n<div class=\"wp-block-group is-vertical is-content-justification-stretch is-layout-flex wp-container-core-group-is-layout-444d5ee8 wp-block-group-is-layout-flex\" style=\"min-height:100%\">\n<div class=\"wp-block-group has-global-padding is-content-justification-left is-layout-constrained wp-container-core-group-is-layout-9fe8ed88 wp-block-group-is-layout-constrained\">\n<p class=\"wp-container-content-0733e5d0\"><a href=\"https:\/\/youtu.be\/XNK0NAooc2w\">DJPOLSKI.pl | Restaurant \u201eTrzy Korony\u201c | Freya-Salon | Traumhafte Hochzeitsdekorationen<\/a><\/p>\n\n\n\n<p>Wir pr\u00e4sentieren Ihnen unseren Film aus der Staffel 2022, das Mega-Paar Paulina &amp; Darek. Liebe Gr\u00fc\u00dfe an das gesamte starke G\u00e4steteam<\/p>\n\n\n\n<p class=\"has-large-font-size\">Solche Hochzeiten bleiben uns lange in Erinnerung<\/p>\n\n\n\n<div class=\"wp-block-buttons is-layout-flex wp-block-buttons-is-layout-flex\">\n<div class=\"wp-block-button\"><a class=\"wp-block-button__link wp-element-button\" href=\"https:\/\/www.youtube.com\/watch?v=XNK0NAooc2w\">Sehen Sie sich das Video an <\/a><\/div>\n<\/div>\n<\/div>\n<\/div>\n<\/div>\n\n\n\n<div class=\"wp-block-column is-vertically-aligned-center is-layout-flow wp-block-column-is-layout-flow\" style=\"flex-basis:50%\">\n<figure class=\"wp-block-image size-full is-style-rounded is-style-rounded--6\"><img loading=\"lazy\" decoding=\"async\" width=\"1024\" height=\"683\" src=\"http:\/\/zaradny-photography.com\/wp-content\/uploads\/2024\/10\/Zaradny-Photography-Film-PiD-180.jpg\" alt=\"\" class=\"wp-image-2871\" srcset=\"https:\/\/zaradny-photography.com\/wp-content\/uploads\/2024\/10\/Zaradny-Photography-Film-PiD-180.jpg 1024w, https:\/\/zaradny-photography.com\/wp-content\/uploads\/2024\/10\/Zaradny-Photography-Film-PiD-180-300x200.jpg 300w, https:\/\/zaradny-photography.com\/wp-content\/uploads\/2024\/10\/Zaradny-Photography-Film-PiD-180-768x512.jpg 768w\" sizes=\"auto, (max-width: 1024px) 100vw, 1024px\" \/><\/figure>\n<\/div>\n<\/div>\n<\/div>\n\n\n\n<hr class=\"wp-block-separator alignfull has-alpha-channel-opacity is-style-wide\"\/>\n\n\n\n<div class=\"wp-block-media-text alignfull is-stacked-on-mobile is-vertically-aligned-center is-image-fill\" style=\"grid-template-columns:56% auto\"><figure class=\"wp-block-media-text__media\" style=\"background-image:url(http:\/\/zaradny-photography.com\/wp-content\/uploads\/2024\/10\/DSC09763-1024x683.jpg);background-position:50% 50%\"><img loading=\"lazy\" decoding=\"async\" width=\"1024\" height=\"683\" src=\"http:\/\/zaradny-photography.com\/wp-content\/uploads\/2024\/10\/DSC09763-1024x683.jpg\" alt=\"\" class=\"wp-image-4518 size-full\" srcset=\"https:\/\/zaradny-photography.com\/wp-content\/uploads\/2024\/10\/DSC09763-1024x683.jpg 1024w, https:\/\/zaradny-photography.com\/wp-content\/uploads\/2024\/10\/DSC09763-300x200.jpg 300w, https:\/\/zaradny-photography.com\/wp-content\/uploads\/2024\/10\/DSC09763-768x512.jpg 768w, https:\/\/zaradny-photography.com\/wp-content\/uploads\/2024\/10\/DSC09763-1536x1024.jpg 1536w, https:\/\/zaradny-photography.com\/wp-content\/uploads\/2024\/10\/DSC09763.jpg 1920w\" sizes=\"auto, (max-width: 1024px) 100vw, 1024px\" \/><\/figure><div class=\"wp-block-media-text__content\">\n<div class=\"wp-block-group alignwide is-layout-flow wp-block-group-is-layout-flow\" style=\"padding-top:var(--wp--preset--spacing--50);padding-bottom:var(--wp--preset--spacing--50)\">\n<div class=\"wp-block-columns is-layout-flex wp-container-core-columns-is-layout-633352e7 wp-block-columns-is-layout-flex\" style=\"padding-top:var(--wp--preset--spacing--10)\">\n<div class=\"wp-block-column is-layout-flow wp-block-column-is-layout-flow\" style=\"flex-basis:34.48%\">\n<div class=\"wp-block-columns is-not-stacked-on-mobile is-layout-flex wp-container-core-columns-is-layout-28f84493 wp-block-columns-is-layout-flex\">\n<div class=\"wp-block-column is-layout-flow wp-block-column-is-layout-flow\">\n<div class=\"wp-block-group is-vertical is-layout-flex wp-container-core-group-is-layout-ea0cb840 wp-block-group-is-layout-flex\">\n<h3 class=\"wp-block-heading has-text-align-center has-heading-font-family has-medium-font-size\">FOLGEN SIE UNS <\/h3>\n\n\n\n<p><a href=\"https:\/\/www.instagram.com\/zaradnyphotography\/\" data-type=\"link\" data-id=\"https:\/\/www.instagram.com\/zaradnyphotography_szczecin\/\">Instagram<\/a> \/ <a href=\"https:\/\/www.facebook.com\/zaradnyphotography\/\" data-type=\"link\" data-id=\"https:\/\/www.facebook.com\/zaradnyphotography\/\">Facebook<\/a><\/p>\n<\/div>\n<\/div>\n<\/div>\n<\/div>\n<\/div>\n\n\n\n<hr class=\"wp-block-separator has-alpha-channel-opacity is-style-wide\"\/>\n\n\n\n<h3 class=\"wp-block-heading has-heading-font-family has-large-font-size\">Gef\u00e4llt es dir?<\/h3>\n\n\n\n<p>Klicken Sie unten, um mit uns Kontakt aufzunehmen!<\/p>\n\n\n\n<div class=\"wp-block-buttons is-layout-flex wp-block-buttons-is-layout-flex\">\n<div class=\"wp-block-button\"><a class=\"wp-block-button__link wp-element-button\" href=\"https:\/\/zaradny-photography.com\/de\/kontakt\/\">KONTAKT<\/a><\/div>\n<\/div>\n<\/div>\n<\/div><\/div>\n\n\n\n<hr class=\"wp-block-separator alignfull has-alpha-channel-opacity is-style-wide\"\/>","protected":false},"excerpt":{"rendered":"<p>FILM Natalia &amp; Mateusz Nasz nowiutki KLIP z sezonu 2024. \u015alub Natalii i Mateusza &#8211; c\u00f3\u017c to by\u0142o za wydarzenie &#x1f929; Wszystko dopi\u0119te w najmniejszym szczeg\u00f3le. Para jak z journala przepi\u0119kna sala i wsp\u00f3\u0142praca jak z bajki. Tym razem w wersji naszej realizacji filmowej &#x1f970; zobaczcie jak pi\u0119knie &#x2764;&#xfe0f; Najlepszy dream team : @kwiatamiszyte_weddingplanner\u00a0@kwiatamiszyte\u00a0@lukasz.harun.fotografia\u00a0@hair_by_sandra_kejs\u00a0@hellogorgeous_make_up\u00a0@hosterofficial\u00a0@tortmam Paulina [&hellip;]<\/p>\n","protected":false},"author":2,"featured_media":0,"parent":0,"menu_order":0,"comment_status":"closed","ping_status":"closed","template":"","meta":{"_eb_attr":"","footnotes":""},"class_list":["post-78","page","type-page","status-publish","hentry"],"_links":{"self":[{"href":"https:\/\/zaradny-photography.com\/de\/wp-json\/wp\/v2\/pages\/78","targetHints":{"allow":["GET"]}}],"collection":[{"href":"https:\/\/zaradny-photography.com\/de\/wp-json\/wp\/v2\/pages"}],"about":[{"href":"https:\/\/zaradny-photography.com\/de\/wp-json\/wp\/v2\/types\/page"}],"author":[{"embeddable":true,"href":"https:\/\/zaradny-photography.com\/de\/wp-json\/wp\/v2\/users\/2"}],"replies":[{"embeddable":true,"href":"https:\/\/zaradny-photography.com\/de\/wp-json\/wp\/v2\/comments?post=78"}],"version-history":[{"count":11,"href":"https:\/\/zaradny-photography.com\/de\/wp-json\/wp\/v2\/pages\/78\/revisions"}],"predecessor-version":[{"id":4594,"href":"https:\/\/zaradny-photography.com\/de\/wp-json\/wp\/v2\/pages\/78\/revisions\/4594"}],"wp:attachment":[{"href":"https:\/\/zaradny-photography.com\/de\/wp-json\/wp\/v2\/media?parent=78"}],"curies":[{"name":"wp","href":"https:\/\/api.w.org\/{rel}","templated":true}]}}