{"id":80,"date":"2023-01-20T10:47:57","date_gmt":"2023-01-20T10:47:57","guid":{"rendered":"http:\/\/zaradny-photography.com\/?page_id=80"},"modified":"2024-11-07T19:31:31","modified_gmt":"2024-11-07T19:31:31","slug":"kontakt","status":"publish","type":"page","link":"https:\/\/zaradny-photography.com\/de\/kontakt\/","title":{"rendered":"KONTAKT"},"content":{"rendered":"<h1 class=\"wp-block-heading has-text-align-center has-contrast-color has-text-color has-link-color has-medium-font-size wp-elements-89fab77892e9580284ffb879db7e9aa2\">KONTAKT<\/h1>\n\n\n\n<hr class=\"wp-block-separator has-alpha-channel-opacity\"\/>\n\n\n\n<p class=\"has-text-align-center\">Wir freuen uns sehr, dass Sie mit uns Kontakt aufnehmen m\u00f6chten. Bitte f\u00fcllen Sie das untenstehende Formular mit grundlegenden Informationen zu Ihrer Feier aus. Gerne treffen wir Sie bei einem Kaffee und besprechen Ihre Pl\u00e4ne.<\/p>\n\n\n\n<div class=\"wp-block-cover alignfull is-light has-parallax\"><span aria-hidden=\"true\" class=\"wp-block-cover__background has-background-dim\" style=\"background-color:#8b8780\"><\/span><div class=\"wp-block-cover__image-background wp-image-19 has-parallax\" style=\"background-position:50% 50%;background-image:url(http:\/\/zaradny-photography.com\/wp-content\/uploads\/2023\/01\/6-Slider-Zaradny-Photography-JK.jpg)\"><\/div><div class=\"wp-block-cover__inner-container is-layout-flow wp-block-cover-is-layout-flow\">\n<div class=\"wp-block-group has-global-padding is-layout-constrained wp-block-group-is-layout-constrained\"><div class=\"root-eb-form-yk5l1 wp-block-essential-blocks-form\">\n    <div class=\"eb-parent-wrapper eb-parent-eb-form-yk5l1\">\n        <div id=\"eb-form-yk5l1\" class=\"eb-form-yk5l1 eb-form-wrapper\">\n            <form id=\"ebf-8abbca\"\n                class=\"eb-form form-layout-block form-style-classic\" action=\"\" data-trp-original-action=\"\">\n                <div class=\"eb-form-fields\">\n                                        \n\n<div class=\"wp-block-essential-blocks-row alignfull  root-eb-row-pvnu3\"><div class=\"eb-parent-wrapper eb-parent-eb-row-pvnu3\"><div class=\"eb-row-root-container eb-row-pvnu3\" data-id=\"eb-row-pvnu3\"><div class=\"eb-row-wrapper\"><div class=\"eb-row-inner\">\n<div class=\"wp-block-essential-blocks-column  root-eb-column-mvnpw\"><div class=\"eb-parent-wrapper eb-parent-eb-column-mvnpw\"><div class=\"eb-column-wrapper eb-column-mvnpw\"><div class=\"eb-column-inner\">\n<div class=\"wp-block-essential-blocks-form-text-field eb-form-field root-eb-text-field-l4l77\"><div class=\"eb-parent-wrapper eb-parent-eb-text-field-l4l77\"><div class=\"eb-text-field-l4l77 eb-text-field-wrapper eb-field-wrapper\"><label for=\"first-name\">Name <span class=\"eb-required\">*<\/span><\/label><div class=\"eb-field-input-wrap\"><i icon=\"fas fa-user\" class=\"fas fa-user eb-input-icon\"><\/i><input type=\"text\" id=\"first-name\" name=\"first-name\" class=\"eb-field-input\" placeholder=\"\" \/><\/div><div class=\"eb-form-validation eb-validate-first-name\">Dieses Feld ist erforderlich.<\/div><\/div><\/div><\/div>\n<\/div><\/div><\/div><\/div>\n\n\n\n<div class=\"wp-block-essential-blocks-column  root-eb-column-if4y7\"><div class=\"eb-parent-wrapper eb-parent-eb-column-if4y7\"><div class=\"eb-column-wrapper eb-column-if4y7\"><div class=\"eb-column-inner\">\n<div class=\"wp-block-essential-blocks-form-text-field eb-form-field root-eb-text-field-horbm\"><div class=\"eb-parent-wrapper eb-parent-eb-text-field-horbm\"><div class=\"eb-text-field-horbm eb-text-field-wrapper eb-field-wrapper\"><label for=\"last-name\">Nachname <span class=\"eb-required\">*<\/span><\/label><div class=\"eb-field-input-wrap\"><i icon=\"fas fa-user\" class=\"fas fa-user eb-input-icon\"><\/i><input type=\"text\" id=\"last-name\" name=\"last-name\" class=\"eb-field-input\" placeholder=\"\" \/><\/div><div class=\"eb-form-validation eb-validate-last-name\">Dieses Feld ist erforderlich.<\/div><\/div><\/div><\/div>\n<\/div><\/div><\/div><\/div>\n<\/div><\/div><\/div><\/div><\/div>\n\n\n\n<div class=\"wp-block-essential-blocks-form-email-field eb-form-field root-eb-email-field-88iz5\"><div class=\"eb-parent-wrapper eb-parent-eb-email-field-88iz5\"><div class=\"eb-email-field-88iz5 eb-email-field-wrapper eb-field-wrapper\"><label for=\"email\">E-Mail <span class=\"eb-required\">*<\/span><\/label><div class=\"eb-field-input-wrap\"><i icon=\"far fa-envelope\" class=\"far fa-envelope eb-input-icon\"><\/i><input type=\"email\" id=\"email\" name=\"email\" class=\"eb-field-input\" placeholder=\"\" \/><\/div><div class=\"eb-form-validation eb-validate-email\">Dieses Feld ist erforderlich.<\/div><\/div><\/div><\/div>\n\n\n\n<div class=\"wp-block-essential-blocks-form-text-field eb-form-field root-eb-text-field-9t293\"><div class=\"eb-parent-wrapper eb-parent-eb-text-field-9t293\"><div class=\"eb-text-field-9t293 eb-text-field-wrapper eb-field-wrapper\"><div class=\"eb-field-input-wrap\"><input type=\"hidden\" id=\"subject\" name=\"subject\" class=\"eb-field-input\" placeholder=\"\" \/><\/div><\/div><\/div><\/div>\n\n\n\n<div class=\"wp-block-essential-blocks-form-text-field eb-form-field root-eb-text-field-9jqhd\"><div class=\"eb-parent-wrapper eb-parent-eb-text-field-9jqhd\"><div class=\"eb-text-field-9jqhd eb-text-field-wrapper eb-field-wrapper\"><label for=\"subject\">Hochzeitsdatum <span class=\"eb-required\">*<\/span><\/label><div class=\"eb-field-input-wrap\"><input type=\"text\" id=\"subject\" name=\"subject\" class=\"eb-field-input\" placeholder=\"\" \/><\/div><div class=\"eb-form-validation eb-validate-subject\">Dieses Feld ist erforderlich.<\/div><\/div><\/div><\/div>\n\n\n\n<div class=\"wp-block-essential-blocks-form-textarea-field eb-form-field root-eb-textarea-field-namp5\"><div class=\"eb-parent-wrapper eb-parent-eb-textarea-field-namp5\"><div class=\"eb-textarea-field-namp5 eb-textarea-field-wrapper eb-field-wrapper\"><label for=\"message\">Erz\u00e4hlen Sie uns von Ihren Pl\u00e4nen.  <span class=\"eb-required\">*<\/span><\/label><div class=\"eb-field-input-wrap\"><i icon=\"far fa-edit\" class=\"far fa-edit eb-input-icon\"><\/i><textarea rows=\"6\" id=\"message\" class=\"eb-field-input\" name=\"message\" placeholder=\"Geben Sie Datum und Ort an, an dem Sie die Hochzeit und den Empfang organisieren.\"><\/textarea><\/div><div class=\"eb-form-validation eb-validate-message\">Dieses Feld ist erforderlich.<\/div><\/div><\/div><\/div>\n\n\n\n<div class=\"wp-block-essential-blocks-form-checkbox-field eb-form-field root-eb-checkbox-field-u7u6n\"><div class=\"eb-parent-wrapper eb-parent-eb-checkbox-field-u7u6n\"><div class=\"eb-checkbox-field-u7u6n eb-checkbox-field-wrapper eb-field-wrapper\"><label class=\"eb-field-label\"> <span class=\"eb-required\">*<\/span><\/label><div class=\"eb-checkbox-inputarea\"><label for=\"checkbox_1\"><input id=\"checkbox_1\" value=\"checkbox_1\" type=\"checkbox\" \/> Ich habe die Datenschutzbestimmungen von Zaradny Photography &amp; Film gelesen und akzeptiere sie<\/label><\/div><div class=\"eb-form-validation eb-validate-undefined\">Dieses Feld ist erforderlich.<\/div><\/div><\/div><\/div>\n\n                <\/div>\n                <input class=\"form-nonce\" type=\"hidden\" name=\"form-nonce\" value=\"8ce29ca490\" \/>\n                <div class=\"eb-form-submit\">\n                                        <button type=\"submit\" class=\"btn btn-primary eb-form-submit-button\" data-id=\"eb-form-yk5l1\" data-form-id=\"ebf-8abbca\">\n                Schicken\n                <img decoding=\"async\" class=\"eb-form-submit-loader\" src=\"https:\/\/zaradny-photography.com\/wp-content\/plugins\/essential-blocks\/assets\/images\/loading.svg\" \/>\n            <\/button>                <\/div>\n            <input type=\"hidden\" name=\"trp-form-language\" value=\"de\"\/><\/form>\n            <div class=\"eb_form_submit_response\" data-confirmation-type=\"message\" data-success=\"Your form has been submitted Successfully!\" data-error=\"Your form couldn&#039;t been submitted! Please try again\"><\/div>        <\/div>\n    <\/div>\n<\/div><\/div>\n<\/div><\/div>\n\n\n\n<div class=\"wp-block-group alignfull is-layout-flow wp-block-group-is-layout-flow\" style=\"padding-top:var(--wp--preset--spacing--50);padding-bottom:var(--wp--preset--spacing--50)\">\n<hr class=\"wp-block-separator has-alpha-channel-opacity is-style-wide\"\/>\n\n\n\n<div class=\"wp-block-media-text alignwide is-stacked-on-mobile is-vertically-aligned-center is-image-fill\" style=\"grid-template-columns:56% auto\"><figure class=\"wp-block-media-text__media\" style=\"background-image:url(http:\/\/zaradny-photography.com\/wp-content\/uploads\/2024\/10\/Zaradny-Photography-Film-plener-2024-61.jpg);background-position:50% 50%\"><img loading=\"lazy\" decoding=\"async\" width=\"1024\" height=\"683\" src=\"http:\/\/zaradny-photography.com\/wp-content\/uploads\/2024\/10\/Zaradny-Photography-Film-plener-2024-61.jpg\" alt=\"\" class=\"wp-image-4201 size-full\" srcset=\"https:\/\/zaradny-photography.com\/wp-content\/uploads\/2024\/10\/Zaradny-Photography-Film-plener-2024-61.jpg 1024w, https:\/\/zaradny-photography.com\/wp-content\/uploads\/2024\/10\/Zaradny-Photography-Film-plener-2024-61-300x200.jpg 300w, https:\/\/zaradny-photography.com\/wp-content\/uploads\/2024\/10\/Zaradny-Photography-Film-plener-2024-61-768x512.jpg 768w\" sizes=\"auto, (max-width: 1024px) 100vw, 1024px\" \/><\/figure><div class=\"wp-block-media-text__content\">\n<div class=\"wp-block-group alignwide is-layout-flow wp-block-group-is-layout-flow\" style=\"padding-top:var(--wp--preset--spacing--50);padding-bottom:var(--wp--preset--spacing--50)\">\n<div class=\"wp-block-columns is-layout-flex wp-container-core-columns-is-layout-633352e7 wp-block-columns-is-layout-flex\" style=\"padding-top:var(--wp--preset--spacing--10)\">\n<div class=\"wp-block-column is-layout-flow wp-block-column-is-layout-flow\" style=\"flex-basis:34.48%\">\n<div class=\"wp-block-columns is-not-stacked-on-mobile is-layout-flex wp-container-core-columns-is-layout-28f84493 wp-block-columns-is-layout-flex\">\n<div class=\"wp-block-column is-layout-flow wp-block-column-is-layout-flow\">\n<div class=\"wp-block-group is-vertical is-layout-flex wp-container-core-group-is-layout-ea0cb840 wp-block-group-is-layout-flex\">\n<h3 class=\"wp-block-heading has-text-align-center has-heading-font-family has-medium-font-size\">FOLGEN SIE UNS <\/h3>\n\n\n\n<p><a href=\"https:\/\/www.instagram.com\/zaradnyphotography\/\" data-type=\"link\" data-id=\"https:\/\/www.instagram.com\/zaradnyphotography_szczecin\/\">Instagram<\/a> \/ <a href=\"https:\/\/www.facebook.com\/zaradnyphotography\/\" data-type=\"link\" data-id=\"https:\/\/www.facebook.com\/zaradnyphotography\/\">Facebook<\/a><\/p>\n<\/div>\n<\/div>\n<\/div>\n<\/div>\n<\/div>\n\n\n\n<hr class=\"wp-block-separator has-alpha-channel-opacity is-style-wide\"\/>\n\n\n\n<h3 class=\"wp-block-heading has-heading-font-family has-large-font-size\">Gef\u00e4llt es dir?<\/h3>\n\n\n\n<p>Klicken Sie unten, um mit uns Kontakt aufzunehmen!<\/p>\n\n\n\n<div class=\"wp-block-buttons is-layout-flex wp-block-buttons-is-layout-flex\">\n<div class=\"wp-block-button\"><a class=\"wp-block-button__link wp-element-button\" href=\"https:\/\/zaradny-photography.com\/de\/kontakt\/\">KONTAKT<\/a><\/div>\n<\/div>\n\n\n\n<p><\/p>\n\n\n\n<p>E-Mail: zaradny.biuro@gmail.com | <\/p>\n\n\n\n<p>Tel.-Nr.: +48884823008<\/p>\n<\/div>\n<\/div><\/div>\n\n\n\n<hr class=\"wp-block-separator has-alpha-channel-opacity is-style-wide\"\/>\n\n\n\n<p><\/p>\n<\/div>","protected":false},"excerpt":{"rendered":"<p>KONTAKT Bardzo nam mi\u0142o, \u017ce chcecie si\u0119 ze nami skontaktowa\u0107. Wype\u0142nijcie prosz\u0119 poni\u017cszy formularz podstawowymi informacjami dotycz\u0105cymi Waszej uroczysto\u015bci. Z przyjemno\u015bci\u0105 si\u0119 z Wami spotkamy przy kawie i pos\u0142uchamy o Waszych planach. OBSERWUJ NAS Instagram \/ Facebook Podoba Ci si\u0119? Kliknij poni\u017cej aby si\u0119 z nami skontaktowa\u0107! Email: zaradny.biuro@gmail.com | Nr tel: +48884823008<\/p>","protected":false},"author":2,"featured_media":0,"parent":0,"menu_order":0,"comment_status":"closed","ping_status":"closed","template":"","meta":{"_eb_attr":"","footnotes":""},"class_list":["post-80","page","type-page","status-publish","hentry"],"_links":{"self":[{"href":"https:\/\/zaradny-photography.com\/de\/wp-json\/wp\/v2\/pages\/80","targetHints":{"allow":["GET"]}}],"collection":[{"href":"https:\/\/zaradny-photography.com\/de\/wp-json\/wp\/v2\/pages"}],"about":[{"href":"https:\/\/zaradny-photography.com\/de\/wp-json\/wp\/v2\/types\/page"}],"author":[{"embeddable":true,"href":"https:\/\/zaradny-photography.com\/de\/wp-json\/wp\/v2\/users\/2"}],"replies":[{"embeddable":true,"href":"https:\/\/zaradny-photography.com\/de\/wp-json\/wp\/v2\/comments?post=80"}],"version-history":[{"count":38,"href":"https:\/\/zaradny-photography.com\/de\/wp-json\/wp\/v2\/pages\/80\/revisions"}],"predecessor-version":[{"id":4567,"href":"https:\/\/zaradny-photography.com\/de\/wp-json\/wp\/v2\/pages\/80\/revisions\/4567"}],"wp:attachment":[{"href":"https:\/\/zaradny-photography.com\/de\/wp-json\/wp\/v2\/media?parent=80"}],"curies":[{"name":"wp","href":"https:\/\/api.w.org\/{rel}","templated":true}]}}